{"id":215,"date":"2021-12-27T16:54:33","date_gmt":"2021-12-27T19:54:33","guid":{"rendered":"https:\/\/katiamassagista.com.br\/?page_id=215"},"modified":"2021-12-27T17:49:51","modified_gmt":"2021-12-27T20:49:51","slug":"contato","status":"publish","type":"page","link":"https:\/\/katiamassagista.com.br\/index.php\/contato\/","title":{"rendered":"Entre Em Contato"},"content":{"rendered":"\t\t<div data-elementor-type=\"wp-page\" data-elementor-id=\"215\" class=\"elementor elementor-215\">\n\t\t\t\t\t\t<section class=\"elementor-section elementor-top-section elementor-element elementor-element-c227be1 elementor-section-boxed elementor-section-height-default elementor-section-height-default\" data-id=\"c227be1\" data-element_type=\"section\" data-e-type=\"section\">\n\t\t\t\t\t\t<div class=\"elementor-container elementor-column-gap-default\">\n\t\t\t\t\t<div class=\"elementor-column elementor-col-100 elementor-top-column elementor-element elementor-element-16d6396\" data-id=\"16d6396\" data-element_type=\"column\" data-e-type=\"column\">\n\t\t\t<div class=\"elementor-widget-wrap elementor-element-populated\">\n\t\t\t\t\t\t<div class=\"elementor-element elementor-element-43bb592 elementor-widget elementor-widget-image\" data-id=\"43bb592\" data-element_type=\"widget\" data-e-type=\"widget\" data-widget_type=\"image.default\">\n\t\t\t\t<div class=\"elementor-widget-container\">\n\t\t\t\t\t\t\t\t\t\t\t\t\t\t\t<img fetchpriority=\"high\" decoding=\"async\" width=\"283\" height=\"188\" src=\"https:\/\/i0.wp.com\/katiamassagista.com.br\/wp-content\/uploads\/2021\/09\/logo.png?fit=283%2C188&amp;ssl=1\" class=\"attachment-full size-full wp-image-45\" alt=\"\" \/>\t\t\t\t\t\t\t\t\t\t\t\t\t\t\t<\/div>\n\t\t\t\t<\/div>\n\t\t\t\t<div class=\"elementor-element elementor-element-3b36eff eael-simple-menu-hamburger-align-left eael-hamburger--tablet elementor-widget elementor-widget-eael-simple-menu\" data-id=\"3b36eff\" data-element_type=\"widget\" data-e-type=\"widget\" data-widget_type=\"eael-simple-menu.default\">\n\t\t\t\t<div class=\"elementor-widget-container\">\n\t\t\t\t\t<style>\n                        @media screen and (max-width: 1024px) {\n                            .eael-hamburger--tablet {\n                                .eael-simple-menu-horizontal,\n                                .eael-simple-menu-vertical {\n                                    display: none;\n                                }\n                            }\n                            .eael-hamburger--tablet {\n                                .eael-simple-menu-container .eael-simple-menu-toggle {\n                                    display: block;\n                                }\n                            }\n                        }\n                        .eael-simple-menu-container.eael-simple-menu--loading > ul {\n                            display: -webkit-box !important;\n                            display: -ms-flexbox !important;\n                            display: flex !important;\n                            list-style: none !important;\n                        }\n                        .eael-simple-menu-container.eael-simple-menu--loading li ul {\n                            visibility: hidden !important;\n                            opacity: 0 !important;\n                        }\n                    <\/style>            <div data-hamburger-icon=\"&lt;i aria-hidden=&quot;true&quot; class=&quot;fas fa-bars&quot;&gt;&lt;\/i&gt;\" data-indicator-icon=\"&lt;i aria-hidden=&quot;true&quot; class=&quot;fas fa-angle-down&quot;&gt;&lt;\/i&gt;\" data-dropdown-indicator-icon=\"&lt;i class=&quot;fas fa-angle-down&quot;&gt;&lt;\/i&gt;\" class=\"eael-simple-menu-container eael-simple-menu--loading eael-simple-menu-align-center eael-simple-menu--stretch eael-simple-menu-dropdown-align-left preset-2\" data-hamburger-breakpoints=\"{&quot;mobile&quot;:&quot;Dispositivos m\\u00f3veis no modo retrato (&gt; 767px)&quot;,&quot;tablet&quot;:&quot;Tablet no modo retrato (&gt; 1024px)&quot;,&quot;desktop&quot;:&quot;Desktop (&gt; 2400px)&quot;,&quot;none&quot;:&quot;Nenhum&quot;}\" data-hamburger-device=\"tablet\">\n                <ul id=\"menu-menu1\" class=\"eael-simple-menu eael-simple-menu-dropdown-animate-to-top eael-simple-menu-indicator eael-simple-menu-horizontal\"><li id=\"menu-item-210\" class=\"menu-item menu-item-type-post_type menu-item-object-page menu-item-home menu-item-210\"><a href=\"https:\/\/katiamassagista.com.br\/\">In\u00edcio<\/a><\/li>\n<li id=\"menu-item-211\" class=\"menu-item menu-item-type-post_type menu-item-object-page menu-item-211\"><a href=\"https:\/\/katiamassagista.com.br\/index.php\/katia-massagista-ensaio-1\/\">Galeria de Fotos<\/a><\/li>\n<li id=\"menu-item-257\" class=\"menu-item menu-item-type-post_type menu-item-object-page menu-item-257\"><a href=\"https:\/\/katiamassagista.com.br\/index.php\/contato\/\">Entre Em Contato<\/a><\/li>\n<\/ul>                <button class=\"eael-simple-menu-toggle\">\n                    <span class=\"sr-only \">Menu de altern\u00e2ncia de hamb\u00farguer<\/span>\n                    <i aria-hidden=\"true\" class=\"fas fa-bars\"><\/i>                <\/button>\n            <\/div>\n            \t\t\t\t<\/div>\n\t\t\t\t<\/div>\n\t\t\t\t\t<\/div>\n\t\t<\/div>\n\t\t\t\t\t<\/div>\n\t\t<\/section>\n\t\t\t\t<section class=\"elementor-section elementor-top-section elementor-element elementor-element-62fd3d93 elementor-section-height-min-height elementor-section-content-middle elementor-section-boxed elementor-section-height-default elementor-section-items-middle\" data-id=\"62fd3d93\" data-element_type=\"section\" data-e-type=\"section\">\n\t\t\t\t\t\t<div class=\"elementor-container elementor-column-gap-default\">\n\t\t\t\t\t<div class=\"elementor-column elementor-col-100 elementor-top-column elementor-element elementor-element-79662aad\" data-id=\"79662aad\" data-element_type=\"column\" data-e-type=\"column\">\n\t\t\t<div class=\"elementor-widget-wrap elementor-element-populated\">\n\t\t\t\t\t\t<div class=\"elementor-element elementor-element-b3599ed elementor-widget elementor-widget-heading\" data-id=\"b3599ed\" data-element_type=\"widget\" data-e-type=\"widget\" data-widget_type=\"heading.default\">\n\t\t\t\t<div class=\"elementor-widget-container\">\n\t\t\t\t\t<h1 class=\"elementor-heading-title elementor-size-large\"><a href=\"tel:%2011982559572\">Massagem e Terapias em S\u00e3o Paulo<\/a><\/h1>\t\t\t\t<\/div>\n\t\t\t\t<\/div>\n\t\t\t\t\t<\/div>\n\t\t<\/div>\n\t\t\t\t\t<\/div>\n\t\t<\/section>\n\t\t\t\t<section class=\"elementor-section elementor-top-section elementor-element elementor-element-57cefeee elementor-section-boxed elementor-section-height-default elementor-section-height-default\" data-id=\"57cefeee\" data-element_type=\"section\" data-e-type=\"section\">\n\t\t\t\t\t\t<div class=\"elementor-container elementor-column-gap-default\">\n\t\t\t\t\t<div class=\"elementor-column elementor-col-100 elementor-top-column elementor-element elementor-element-421d7ed8\" data-id=\"421d7ed8\" data-element_type=\"column\" data-e-type=\"column\">\n\t\t\t<div class=\"elementor-widget-wrap elementor-element-populated\">\n\t\t\t\t\t\t<div class=\"elementor-element elementor-element-5c09a342 elementor-widget elementor-widget-heading\" data-id=\"5c09a342\" data-element_type=\"widget\" data-e-type=\"widget\" data-widget_type=\"heading.default\">\n\t\t\t\t<div class=\"elementor-widget-container\">\n\t\t\t\t\t<h4 class=\"elementor-heading-title elementor-size-default\">Entre em contato<\/h4>\t\t\t\t<\/div>\n\t\t\t\t<\/div>\n\t\t\t\t\t<\/div>\n\t\t<\/div>\n\t\t\t\t\t<\/div>\n\t\t<\/section>\n\t\t\t\t<section class=\"elementor-section elementor-top-section elementor-element elementor-element-5edd1dfd elementor-section-content-middle elementor-reverse-mobile elementor-section-boxed elementor-section-height-default elementor-section-height-default\" data-id=\"5edd1dfd\" data-element_type=\"section\" data-e-type=\"section\">\n\t\t\t\t\t\t<div class=\"elementor-container elementor-column-gap-default\">\n\t\t\t\t\t<div class=\"elementor-column elementor-col-50 elementor-top-column elementor-element elementor-element-1b251304\" data-id=\"1b251304\" data-element_type=\"column\" data-e-type=\"column\">\n\t\t\t<div class=\"elementor-widget-wrap elementor-element-populated\">\n\t\t\t\t\t\t<div class=\"elementor-element elementor-element-2bf4c0c9 elementor-widget elementor-widget-heading\" data-id=\"2bf4c0c9\" data-element_type=\"widget\" data-e-type=\"widget\" data-widget_type=\"heading.default\">\n\t\t\t\t<div class=\"elementor-widget-container\">\n\t\t\t\t\t<h3 class=\"elementor-heading-title elementor-size-default\">Atendimento no bairro dos Jardins - Pr\u00f3ximo \u00e0 Avenida Paulista<\/h3>\t\t\t\t<\/div>\n\t\t\t\t<\/div>\n\t\t\t\t<div class=\"elementor-element elementor-element-484ed83 elementor-widget elementor-widget-text-editor\" data-id=\"484ed83\" data-element_type=\"widget\" data-e-type=\"widget\" data-widget_type=\"text-editor.default\">\n\t\t\t\t<div class=\"elementor-widget-container\">\n\t\t\t\t\t\t\t\t\t<p>Rua Batataes &#8211; Jardim Paulista.<\/p><p>S\u00e3o Paulo &#8211; SP, CEP 01404-001<\/p>\t\t\t\t\t\t\t\t<\/div>\n\t\t\t\t<\/div>\n\t\t\t\t<div class=\"elementor-element elementor-element-a022cec elementor-widget elementor-widget-heading\" data-id=\"a022cec\" data-element_type=\"widget\" data-e-type=\"widget\" data-widget_type=\"heading.default\">\n\t\t\t\t<div class=\"elementor-widget-container\">\n\t\t\t\t\t<h4 class=\"elementor-heading-title elementor-size-default\">Localiza\u00e7\u00e3o<\/h4>\t\t\t\t<\/div>\n\t\t\t\t<\/div>\n\t\t\t\t<div class=\"elementor-element elementor-element-79185664 elementor-widget elementor-widget-google_maps\" data-id=\"79185664\" data-element_type=\"widget\" data-e-type=\"widget\" data-widget_type=\"google_maps.default\">\n\t\t\t\t<div class=\"elementor-widget-container\">\n\t\t\t\t\t\t\t<div class=\"elementor-custom-embed\">\n\t\t\t<iframe loading=\"lazy\"\n\t\t\t\t\tsrc=\"https:\/\/maps.google.com\/maps?q=R.%20Batataes%20-%20Jardim%20Paulista%2C%20S%C3%A3o%20Paulo%20-%20SP%2C%2001404-001&#038;t=m&#038;z=16&#038;output=embed&#038;iwloc=near\"\n\t\t\t\t\ttitle=\"R. Batataes - Jardim Paulista, S\u00e3o Paulo - SP, 01404-001\"\n\t\t\t\t\taria-label=\"R. Batataes - Jardim Paulista, S\u00e3o Paulo - SP, 01404-001\"\n\t\t\t><\/iframe>\n\t\t<\/div>\n\t\t\t\t\t\t<\/div>\n\t\t\t\t<\/div>\n\t\t\t\t\t<\/div>\n\t\t<\/div>\n\t\t\t\t<div class=\"elementor-column elementor-col-50 elementor-top-column elementor-element elementor-element-6e11b0b1\" data-id=\"6e11b0b1\" data-element_type=\"column\" data-e-type=\"column\">\n\t\t\t<div class=\"elementor-widget-wrap elementor-element-populated\">\n\t\t\t\t\t\t<div class=\"elementor-element elementor-element-4fc4d7f elementor-widget elementor-widget-heading\" data-id=\"4fc4d7f\" data-element_type=\"widget\" data-e-type=\"widget\" data-widget_type=\"heading.default\">\n\t\t\t\t<div class=\"elementor-widget-container\">\n\t\t\t\t\t<h1 class=\"elementor-heading-title elementor-size-default\">Fone: (11)98255-9572<\/h1>\t\t\t\t<\/div>\n\t\t\t\t<\/div>\n\t\t\t\t<div class=\"elementor-element elementor-element-655b2df elementor-widget elementor-widget-image\" data-id=\"655b2df\" data-element_type=\"widget\" data-e-type=\"widget\" data-widget_type=\"image.default\">\n\t\t\t\t<div class=\"elementor-widget-container\">\n\t\t\t\t\t\t\t\t\t\t\t\t<figure class=\"wp-caption\">\n\t\t\t\t\t\t\t\t\t\t\t<a href=\"https:\/\/api.whatsapp.com\/send?phone=5511982559572&#038;text=Ol%C3%A1%20vi%20no%20Google%20e%20queria%20saber%20sobre%20os%20servi%C3%A7os%20de%20Massoterapia\">\n\t\t\t\t\t\t\t<img decoding=\"async\" width=\"492\" height=\"166\" src=\"https:\/\/i0.wp.com\/katiamassagista.com.br\/wp-content\/uploads\/2021\/09\/clique-e-falepor-whatspp.png?fit=492%2C166&amp;ssl=1\" class=\"attachment-large size-large wp-image-55\" alt=\"\" srcset=\"https:\/\/i0.wp.com\/katiamassagista.com.br\/wp-content\/uploads\/2021\/09\/clique-e-falepor-whatspp.png?w=492&amp;ssl=1 492w, https:\/\/i0.wp.com\/katiamassagista.com.br\/wp-content\/uploads\/2021\/09\/clique-e-falepor-whatspp.png?resize=300%2C101&amp;ssl=1 300w\" sizes=\"(max-width: 492px) 100vw, 492px\" \/>\t\t\t\t\t\t\t\t<\/a>\n\t\t\t\t\t\t\t\t\t\t\t<figcaption class=\"widget-image-caption wp-caption-text\"><\/figcaption>\n\t\t\t\t\t\t\t\t\t\t<\/figure>\n\t\t\t\t\t\t\t\t\t<\/div>\n\t\t\t\t<\/div>\n\t\t\t\t\t<\/div>\n\t\t<\/div>\n\t\t\t\t\t<\/div>\n\t\t<\/section>\n\t\t\t\t<section class=\"elementor-section elementor-top-section elementor-element elementor-element-414711c elementor-section-boxed elementor-section-height-default elementor-section-height-default\" data-id=\"414711c\" data-element_type=\"section\" data-e-type=\"section\">\n\t\t\t\t\t\t<div class=\"elementor-container elementor-column-gap-default\">\n\t\t\t\t\t<div class=\"elementor-column elementor-col-100 elementor-top-column elementor-element elementor-element-cdfc980\" data-id=\"cdfc980\" data-element_type=\"column\" data-e-type=\"column\">\n\t\t\t<div class=\"elementor-widget-wrap elementor-element-populated\">\n\t\t\t\t\t\t<div class=\"elementor-element elementor-element-92d7a64 elementor-widget elementor-widget-heading\" data-id=\"92d7a64\" data-element_type=\"widget\" data-e-type=\"widget\" data-widget_type=\"heading.default\">\n\t\t\t\t<div class=\"elementor-widget-container\">\n\t\t\t\t\t<h4 class=\"elementor-heading-title elementor-size-default\">Siga K\u00e1tia nas Redes sociais<\/h4>\t\t\t\t<\/div>\n\t\t\t\t<\/div>\n\t\t\t\t<div class=\"elementor-element elementor-element-9946c14 elementor-shape-rounded elementor-grid-0 e-grid-align-center elementor-widget elementor-widget-social-icons\" data-id=\"9946c14\" data-element_type=\"widget\" data-e-type=\"widget\" data-widget_type=\"social-icons.default\">\n\t\t\t\t<div class=\"elementor-widget-container\">\n\t\t\t\t\t\t\t<div class=\"elementor-social-icons-wrapper elementor-grid\" role=\"list\">\n\t\t\t\t\t\t\t<span class=\"elementor-grid-item\" role=\"listitem\">\n\t\t\t\t\t<a class=\"elementor-icon elementor-social-icon elementor-social-icon-facebook elementor-repeater-item-bbf356d\" href=\"https:\/\/www.facebook.com\/katiamassagistasp\/\" target=\"_blank\">\n\t\t\t\t\t\t<span class=\"elementor-screen-only\">Facebook<\/span>\n\t\t\t\t\t\t<i aria-hidden=\"true\" class=\"fab fa-facebook\"><\/i>\t\t\t\t\t<\/a>\n\t\t\t\t<\/span>\n\t\t\t\t\t\t\t<span class=\"elementor-grid-item\" role=\"listitem\">\n\t\t\t\t\t<a class=\"elementor-icon elementor-social-icon elementor-social-icon-instagram elementor-repeater-item-0722d51\" href=\"https:\/\/www.instagram.com\/katia.massagista\/\" target=\"_blank\">\n\t\t\t\t\t\t<span class=\"elementor-screen-only\">Instagram<\/span>\n\t\t\t\t\t\t<i aria-hidden=\"true\" class=\"fab fa-instagram\"><\/i>\t\t\t\t\t<\/a>\n\t\t\t\t<\/span>\n\t\t\t\t\t\t\t<span class=\"elementor-grid-item\" role=\"listitem\">\n\t\t\t\t\t<a class=\"elementor-icon elementor-social-icon elementor-social-icon-whatsapp elementor-repeater-item-0380821\" href=\"https:\/\/api.whatsapp.com\/send?phone=5511982559572\" target=\"_blank\">\n\t\t\t\t\t\t<span class=\"elementor-screen-only\">Whatsapp<\/span>\n\t\t\t\t\t\t<i aria-hidden=\"true\" class=\"fab fa-whatsapp\"><\/i>\t\t\t\t\t<\/a>\n\t\t\t\t<\/span>\n\t\t\t\t\t<\/div>\n\t\t\t\t\t\t<\/div>\n\t\t\t\t<\/div>\n\t\t\t\t\t<\/div>\n\t\t<\/div>\n\t\t\t\t\t<\/div>\n\t\t<\/section>\n\t\t\t\t<\/div>\n\t\t","protected":false},"excerpt":{"rendered":"<p>In\u00edcio Galeria de Fotos Entre Em Contato Massagem e Terapias em S\u00e3o Paulo Entre em contato Atendimento no bairro dos Jardins &#8211; Pr\u00f3ximo \u00e0 Avenida Paulista Rua Batataes &#8211; Jardim Paulista. S\u00e3o Paulo &#8211; SP, CEP 01404-001 Localiza\u00e7\u00e3o Fone: (11)98255-9572 Siga K\u00e1tia nas Redes sociais Facebook Instagram Whatsapp<\/p>\n","protected":false},"author":1,"featured_media":0,"parent":0,"menu_order":0,"comment_status":"closed","ping_status":"closed","template":"elementor_canvas","meta":{"footnotes":""},"class_list":["post-215","page","type-page","status-publish","hentry"],"yoast_head":"<!-- This site is optimized with the Yoast SEO plugin v27.4 - https:\/\/yoast.com\/product\/yoast-seo-wordpress\/ -->\n<title>Entre Em Contato - Katia Massagista.<\/title>\n<meta name=\"robots\" content=\"index, follow, max-snippet:-1, max-image-preview:large, max-video-preview:-1\" \/>\n<link rel=\"canonical\" href=\"https:\/\/katiamassagista.com.br\/index.php\/contato\/\" \/>\n<meta property=\"og:locale\" content=\"pt_BR\" \/>\n<meta property=\"og:type\" content=\"article\" \/>\n<meta property=\"og:title\" content=\"Entre Em Contato - Katia Massagista.\" \/>\n<meta property=\"og:description\" content=\"In\u00edcio Galeria de Fotos Entre Em Contato Massagem e Terapias em S\u00e3o Paulo Entre em contato Atendimento no bairro dos Jardins &#8211; Pr\u00f3ximo \u00e0 Avenida Paulista Rua Batataes &#8211; Jardim Paulista. S\u00e3o Paulo &#8211; SP, CEP 01404-001 Localiza\u00e7\u00e3o Fone: (11)98255-9572 Siga K\u00e1tia nas Redes sociais Facebook Instagram Whatsapp\" \/>\n<meta property=\"og:url\" content=\"https:\/\/katiamassagista.com.br\/index.php\/contato\/\" \/>\n<meta property=\"og:site_name\" content=\"Katia Massagista.\" \/>\n<meta property=\"article:modified_time\" content=\"2021-12-27T20:49:51+00:00\" \/>\n<meta property=\"og:image\" content=\"https:\/\/katiamassagista.com.br\/wp-content\/uploads\/2021\/09\/logo.png\" \/>\n<meta name=\"twitter:card\" content=\"summary_large_image\" \/>\n<meta name=\"twitter:label1\" content=\"Est. tempo de leitura\" \/>\n\t<meta name=\"twitter:data1\" content=\"1 minuto\" \/>\n<script type=\"application\/ld+json\" class=\"yoast-schema-graph\">{\"@context\":\"https:\\\/\\\/schema.org\",\"@graph\":[{\"@type\":\"WebPage\",\"@id\":\"https:\\\/\\\/katiamassagista.com.br\\\/index.php\\\/contato\\\/\",\"url\":\"https:\\\/\\\/katiamassagista.com.br\\\/index.php\\\/contato\\\/\",\"name\":\"Entre Em Contato - Katia Massagista.\",\"isPartOf\":{\"@id\":\"https:\\\/\\\/katiamassagista.com.br\\\/#website\"},\"primaryImageOfPage\":{\"@id\":\"https:\\\/\\\/katiamassagista.com.br\\\/index.php\\\/contato\\\/#primaryimage\"},\"image\":{\"@id\":\"https:\\\/\\\/katiamassagista.com.br\\\/index.php\\\/contato\\\/#primaryimage\"},\"thumbnailUrl\":\"https:\\\/\\\/katiamassagista.com.br\\\/wp-content\\\/uploads\\\/2021\\\/09\\\/logo.png\",\"datePublished\":\"2021-12-27T19:54:33+00:00\",\"dateModified\":\"2021-12-27T20:49:51+00:00\",\"breadcrumb\":{\"@id\":\"https:\\\/\\\/katiamassagista.com.br\\\/index.php\\\/contato\\\/#breadcrumb\"},\"inLanguage\":\"pt-BR\",\"potentialAction\":[{\"@type\":\"ReadAction\",\"target\":[\"https:\\\/\\\/katiamassagista.com.br\\\/index.php\\\/contato\\\/\"]}]},{\"@type\":\"ImageObject\",\"inLanguage\":\"pt-BR\",\"@id\":\"https:\\\/\\\/katiamassagista.com.br\\\/index.php\\\/contato\\\/#primaryimage\",\"url\":\"https:\\\/\\\/i0.wp.com\\\/katiamassagista.com.br\\\/wp-content\\\/uploads\\\/2021\\\/09\\\/logo.png?fit=283%2C188&ssl=1\",\"contentUrl\":\"https:\\\/\\\/i0.wp.com\\\/katiamassagista.com.br\\\/wp-content\\\/uploads\\\/2021\\\/09\\\/logo.png?fit=283%2C188&ssl=1\",\"width\":283,\"height\":188},{\"@type\":\"BreadcrumbList\",\"@id\":\"https:\\\/\\\/katiamassagista.com.br\\\/index.php\\\/contato\\\/#breadcrumb\",\"itemListElement\":[{\"@type\":\"ListItem\",\"position\":1,\"name\":\"In\u00edcio\",\"item\":\"https:\\\/\\\/katiamassagista.com.br\\\/\"},{\"@type\":\"ListItem\",\"position\":2,\"name\":\"Entre Em Contato\"}]},{\"@type\":\"WebSite\",\"@id\":\"https:\\\/\\\/katiamassagista.com.br\\\/#website\",\"url\":\"https:\\\/\\\/katiamassagista.com.br\\\/\",\"name\":\"Katia Massagista.\",\"description\":\"Massagem e Terapias em S\u00e3o Paulo\",\"potentialAction\":[{\"@type\":\"SearchAction\",\"target\":{\"@type\":\"EntryPoint\",\"urlTemplate\":\"https:\\\/\\\/katiamassagista.com.br\\\/?s={search_term_string}\"},\"query-input\":{\"@type\":\"PropertyValueSpecification\",\"valueRequired\":true,\"valueName\":\"search_term_string\"}}],\"inLanguage\":\"pt-BR\"}]}<\/script>\n<!-- \/ Yoast SEO plugin. -->","yoast_head_json":{"title":"Entre Em Contato - Katia Massagista.","robots":{"index":"index","follow":"follow","max-snippet":"max-snippet:-1","max-image-preview":"max-image-preview:large","max-video-preview":"max-video-preview:-1"},"canonical":"https:\/\/katiamassagista.com.br\/index.php\/contato\/","og_locale":"pt_BR","og_type":"article","og_title":"Entre Em Contato - Katia Massagista.","og_description":"In\u00edcio Galeria de Fotos Entre Em Contato Massagem e Terapias em S\u00e3o Paulo Entre em contato Atendimento no bairro dos Jardins &#8211; Pr\u00f3ximo \u00e0 Avenida Paulista Rua Batataes &#8211; Jardim Paulista. S\u00e3o Paulo &#8211; SP, CEP 01404-001 Localiza\u00e7\u00e3o Fone: (11)98255-9572 Siga K\u00e1tia nas Redes sociais Facebook Instagram Whatsapp","og_url":"https:\/\/katiamassagista.com.br\/index.php\/contato\/","og_site_name":"Katia Massagista.","article_modified_time":"2021-12-27T20:49:51+00:00","og_image":[{"url":"https:\/\/katiamassagista.com.br\/wp-content\/uploads\/2021\/09\/logo.png","type":"","width":"","height":""}],"twitter_card":"summary_large_image","twitter_misc":{"Est. tempo de leitura":"1 minuto"},"schema":{"@context":"https:\/\/schema.org","@graph":[{"@type":"WebPage","@id":"https:\/\/katiamassagista.com.br\/index.php\/contato\/","url":"https:\/\/katiamassagista.com.br\/index.php\/contato\/","name":"Entre Em Contato - Katia Massagista.","isPartOf":{"@id":"https:\/\/katiamassagista.com.br\/#website"},"primaryImageOfPage":{"@id":"https:\/\/katiamassagista.com.br\/index.php\/contato\/#primaryimage"},"image":{"@id":"https:\/\/katiamassagista.com.br\/index.php\/contato\/#primaryimage"},"thumbnailUrl":"https:\/\/katiamassagista.com.br\/wp-content\/uploads\/2021\/09\/logo.png","datePublished":"2021-12-27T19:54:33+00:00","dateModified":"2021-12-27T20:49:51+00:00","breadcrumb":{"@id":"https:\/\/katiamassagista.com.br\/index.php\/contato\/#breadcrumb"},"inLanguage":"pt-BR","potentialAction":[{"@type":"ReadAction","target":["https:\/\/katiamassagista.com.br\/index.php\/contato\/"]}]},{"@type":"ImageObject","inLanguage":"pt-BR","@id":"https:\/\/katiamassagista.com.br\/index.php\/contato\/#primaryimage","url":"https:\/\/i0.wp.com\/katiamassagista.com.br\/wp-content\/uploads\/2021\/09\/logo.png?fit=283%2C188&ssl=1","contentUrl":"https:\/\/i0.wp.com\/katiamassagista.com.br\/wp-content\/uploads\/2021\/09\/logo.png?fit=283%2C188&ssl=1","width":283,"height":188},{"@type":"BreadcrumbList","@id":"https:\/\/katiamassagista.com.br\/index.php\/contato\/#breadcrumb","itemListElement":[{"@type":"ListItem","position":1,"name":"In\u00edcio","item":"https:\/\/katiamassagista.com.br\/"},{"@type":"ListItem","position":2,"name":"Entre Em Contato"}]},{"@type":"WebSite","@id":"https:\/\/katiamassagista.com.br\/#website","url":"https:\/\/katiamassagista.com.br\/","name":"Katia Massagista.","description":"Massagem e Terapias em S\u00e3o Paulo","potentialAction":[{"@type":"SearchAction","target":{"@type":"EntryPoint","urlTemplate":"https:\/\/katiamassagista.com.br\/?s={search_term_string}"},"query-input":{"@type":"PropertyValueSpecification","valueRequired":true,"valueName":"search_term_string"}}],"inLanguage":"pt-BR"}]}},"jetpack_sharing_enabled":true,"_links":{"self":[{"href":"https:\/\/katiamassagista.com.br\/index.php\/wp-json\/wp\/v2\/pages\/215","targetHints":{"allow":["GET"]}}],"collection":[{"href":"https:\/\/katiamassagista.com.br\/index.php\/wp-json\/wp\/v2\/pages"}],"about":[{"href":"https:\/\/katiamassagista.com.br\/index.php\/wp-json\/wp\/v2\/types\/page"}],"author":[{"embeddable":true,"href":"https:\/\/katiamassagista.com.br\/index.php\/wp-json\/wp\/v2\/users\/1"}],"replies":[{"embeddable":true,"href":"https:\/\/katiamassagista.com.br\/index.php\/wp-json\/wp\/v2\/comments?post=215"}],"version-history":[{"count":40,"href":"https:\/\/katiamassagista.com.br\/index.php\/wp-json\/wp\/v2\/pages\/215\/revisions"}],"predecessor-version":[{"id":273,"href":"https:\/\/katiamassagista.com.br\/index.php\/wp-json\/wp\/v2\/pages\/215\/revisions\/273"}],"wp:attachment":[{"href":"https:\/\/katiamassagista.com.br\/index.php\/wp-json\/wp\/v2\/media?parent=215"}],"curies":[{"name":"wp","href":"https:\/\/api.w.org\/{rel}","templated":true}]}}